{"id":2153,"date":"2023-08-30T08:36:15","date_gmt":"2023-08-30T08:36:15","guid":{"rendered":"https:\/\/rebar.one\/?page_id=2153"},"modified":"2023-10-18T05:54:51","modified_gmt":"2023-10-18T05:54:51","slug":"vork","status":"publish","type":"page","link":"https:\/\/rebar.one\/en\/vork\/","title":{"rendered":"V\u00f5rk"},"content":{"rendered":"\n<h1 class=\"wp-block-heading\">V\u00f5rk<\/h1>\n\n\n\n<hr class=\"wp-block-separator has-alpha-channel-opacity\"\/>\n\n\n\n<figure class=\"wp-block-image size-large\"><img fetchpriority=\"high\" decoding=\"async\" width=\"1024\" height=\"683\" src=\"https:\/\/rebar.one\/wp-content\/uploads\/2023\/02\/iStock-1347991741_standardvork-1024x683.jpg\" alt=\"V\u00f5rk\" class=\"wp-image-2008\" srcset=\"https:\/\/rebar.one\/wp-content\/uploads\/2023\/02\/iStock-1347991741_standardvork-1024x683.jpg 1024w, https:\/\/rebar.one\/wp-content\/uploads\/2023\/02\/iStock-1347991741_standardvork-300x200.jpg 300w, https:\/\/rebar.one\/wp-content\/uploads\/2023\/02\/iStock-1347991741_standardvork-768x512.jpg 768w, https:\/\/rebar.one\/wp-content\/uploads\/2023\/02\/iStock-1347991741_standardvork-1536x1024.jpg 1536w, https:\/\/rebar.one\/wp-content\/uploads\/2023\/02\/iStock-1347991741_standardvork-2048x1365.jpg 2048w\" sizes=\"(max-width: 1024px) 100vw, 1024px\" \/><\/figure>\n\n\n\n<h2 class=\"wp-block-heading\">Standardv\u00f5rgud<\/h2>\n\n\n\n<p>Laotootena m\u00fc\u00fcme standardv\u00f5rke.<br><br>Laiused: 1500 mm, 2350 mm, 2530 mm ja 2930 mm.<br>Pikkused: 3000 mm, 5000 mm ja 6000 mm.<br>Silmade suurus 100\/100, 150\/150 ja 200\/200 mm.<\/p>\n\n\n\n<h2 class=\"wp-block-heading\">Eriv\u00f5rgud<\/h2>\n\n\n\n<p>Toodame B500A v\u00f5i B500B materjalidest eriv\u00f5rke, vastavalt kliendi vajadustele.<br><br>Koostame kliendi soovil asetusplaani.<\/p>\n","protected":false},"excerpt":{"rendered":"<p>V\u00f5rk Standardv\u00f5rgud Laotootena m\u00fc\u00fcme standardv\u00f5rke. Laiused: 1500 mm, 2350 mm, 2530 mm ja 2930 mm.Pikkused: 3000 mm, 5000 mm ja 6000 mm.Silmade suurus 100\/100, 150\/150 ja 200\/200 mm. Eriv\u00f5rgud Toodame B500A v\u00f5i B500B materjalidest eriv\u00f5rke, vastavalt kliendi vajadustele. Koostame kliendi soovil asetusplaani.<\/p>\n","protected":false},"author":3,"featured_media":0,"parent":0,"menu_order":0,"comment_status":"closed","ping_status":"closed","template":"seo-template.php","meta":{"_acf_changed":false,"footnotes":""},"class_list":["post-2153","page","type-page","status-publish","hentry"],"acf":[],"yoast_head":"<!-- This site is optimized with the Yoast SEO plugin v22.5 - https:\/\/yoast.com\/wordpress\/plugins\/seo\/ -->\n<title>V\u00f5rk: Standardv\u00f5rgud ja v\u00f5rgud vastavalt kliendi vajadusele<\/title>\n<meta name=\"description\" content=\"V\u00f5rk : Nordic Rebari armatuurterasest toodete valmislahenduse kasutamine mitmekordistab t\u00f6\u00f6 efektiivsust, seega s\u00e4\u00e4stad aega ja raha.\" \/>\n<meta name=\"robots\" content=\"index, follow, max-snippet:-1, max-image-preview:large, max-video-preview:-1\" \/>\n<link rel=\"canonical\" href=\"https:\/\/rebar.one\/en\/vork\/\" \/>\n<meta property=\"og:locale\" content=\"en_US\" \/>\n<meta property=\"og:type\" content=\"article\" \/>\n<meta property=\"og:title\" content=\"V\u00f5rk: Standardv\u00f5rgud ja v\u00f5rgud vastavalt kliendi vajadusele\" \/>\n<meta property=\"og:description\" content=\"V\u00f5rk : Nordic Rebari armatuurterasest toodete valmislahenduse kasutamine mitmekordistab t\u00f6\u00f6 efektiivsust, seega s\u00e4\u00e4stad aega ja raha.\" \/>\n<meta property=\"og:url\" content=\"https:\/\/rebar.one\/en\/vork\/\" \/>\n<meta property=\"og:site_name\" content=\"Nordic Rebar\" \/>\n<meta property=\"article:modified_time\" content=\"2023-10-18T05:54:51+00:00\" \/>\n<meta property=\"og:image\" content=\"https:\/\/rebar.one\/wp-content\/uploads\/2023\/02\/iStock-1347991741_standardvork-1024x683.jpg\" \/>\n<meta name=\"twitter:card\" content=\"summary_large_image\" \/>\n<meta name=\"twitter:label1\" content=\"Est. reading time\" \/>\n\t<meta name=\"twitter:data1\" content=\"1 minute\" \/>\n<script type=\"application\/ld+json\" class=\"yoast-schema-graph\">{\"@context\":\"https:\/\/schema.org\",\"@graph\":[{\"@type\":\"WebPage\",\"@id\":\"https:\/\/rebar.one\/en\/vork\/\",\"url\":\"https:\/\/rebar.one\/en\/vork\/\",\"name\":\"V\u00f5rk: Standardv\u00f5rgud ja v\u00f5rgud vastavalt kliendi vajadusele\",\"isPartOf\":{\"@id\":\"https:\/\/rebar.one\/en\/#website\"},\"primaryImageOfPage\":{\"@id\":\"https:\/\/rebar.one\/en\/vork\/#primaryimage\"},\"image\":{\"@id\":\"https:\/\/rebar.one\/en\/vork\/#primaryimage\"},\"thumbnailUrl\":\"https:\/\/rebar.one\/wp-content\/uploads\/2023\/02\/iStock-1347991741_standardvork-1024x683.jpg\",\"datePublished\":\"2023-08-30T08:36:15+00:00\",\"dateModified\":\"2023-10-18T05:54:51+00:00\",\"description\":\"V\u00f5rk : Nordic Rebari armatuurterasest toodete valmislahenduse kasutamine mitmekordistab t\u00f6\u00f6 efektiivsust, seega s\u00e4\u00e4stad aega ja raha.\",\"breadcrumb\":{\"@id\":\"https:\/\/rebar.one\/en\/vork\/#breadcrumb\"},\"inLanguage\":\"en-US\",\"potentialAction\":[{\"@type\":\"ReadAction\",\"target\":[\"https:\/\/rebar.one\/en\/vork\/\"]}]},{\"@type\":\"ImageObject\",\"inLanguage\":\"en-US\",\"@id\":\"https:\/\/rebar.one\/en\/vork\/#primaryimage\",\"url\":\"https:\/\/rebar.one\/wp-content\/uploads\/2023\/02\/iStock-1347991741_standardvork-1024x683.jpg\",\"contentUrl\":\"https:\/\/rebar.one\/wp-content\/uploads\/2023\/02\/iStock-1347991741_standardvork-1024x683.jpg\"},{\"@type\":\"BreadcrumbList\",\"@id\":\"https:\/\/rebar.one\/en\/vork\/#breadcrumb\",\"itemListElement\":[{\"@type\":\"ListItem\",\"position\":1,\"name\":\"Home\",\"item\":\"https:\/\/rebar.one\/en\/\"},{\"@type\":\"ListItem\",\"position\":2,\"name\":\"V\u00f5rk\"}]},{\"@type\":\"WebSite\",\"@id\":\"https:\/\/rebar.one\/en\/#website\",\"url\":\"https:\/\/rebar.one\/en\/\",\"name\":\"Nordic Rebar\",\"description\":\"\",\"potentialAction\":[{\"@type\":\"SearchAction\",\"target\":{\"@type\":\"EntryPoint\",\"urlTemplate\":\"https:\/\/rebar.one\/en\/?s={search_term_string}\"},\"query-input\":\"required name=search_term_string\"}],\"inLanguage\":\"en-US\"}]}<\/script>\n<!-- \/ Yoast SEO plugin. -->","yoast_head_json":{"title":"V\u00f5rk: Standardv\u00f5rgud ja v\u00f5rgud vastavalt kliendi vajadusele","description":"V\u00f5rk : Nordic Rebari armatuurterasest toodete valmislahenduse kasutamine mitmekordistab t\u00f6\u00f6 efektiivsust, seega s\u00e4\u00e4stad aega ja raha.","robots":{"index":"index","follow":"follow","max-snippet":"max-snippet:-1","max-image-preview":"max-image-preview:large","max-video-preview":"max-video-preview:-1"},"canonical":"https:\/\/rebar.one\/en\/vork\/","og_locale":"en_US","og_type":"article","og_title":"V\u00f5rk: Standardv\u00f5rgud ja v\u00f5rgud vastavalt kliendi vajadusele","og_description":"V\u00f5rk : Nordic Rebari armatuurterasest toodete valmislahenduse kasutamine mitmekordistab t\u00f6\u00f6 efektiivsust, seega s\u00e4\u00e4stad aega ja raha.","og_url":"https:\/\/rebar.one\/en\/vork\/","og_site_name":"Nordic Rebar","article_modified_time":"2023-10-18T05:54:51+00:00","og_image":[{"url":"https:\/\/rebar.one\/wp-content\/uploads\/2023\/02\/iStock-1347991741_standardvork-1024x683.jpg"}],"twitter_card":"summary_large_image","twitter_misc":{"Est. reading time":"1 minute"},"schema":{"@context":"https:\/\/schema.org","@graph":[{"@type":"WebPage","@id":"https:\/\/rebar.one\/en\/vork\/","url":"https:\/\/rebar.one\/en\/vork\/","name":"V\u00f5rk: Standardv\u00f5rgud ja v\u00f5rgud vastavalt kliendi vajadusele","isPartOf":{"@id":"https:\/\/rebar.one\/en\/#website"},"primaryImageOfPage":{"@id":"https:\/\/rebar.one\/en\/vork\/#primaryimage"},"image":{"@id":"https:\/\/rebar.one\/en\/vork\/#primaryimage"},"thumbnailUrl":"https:\/\/rebar.one\/wp-content\/uploads\/2023\/02\/iStock-1347991741_standardvork-1024x683.jpg","datePublished":"2023-08-30T08:36:15+00:00","dateModified":"2023-10-18T05:54:51+00:00","description":"V\u00f5rk : Nordic Rebari armatuurterasest toodete valmislahenduse kasutamine mitmekordistab t\u00f6\u00f6 efektiivsust, seega s\u00e4\u00e4stad aega ja raha.","breadcrumb":{"@id":"https:\/\/rebar.one\/en\/vork\/#breadcrumb"},"inLanguage":"en-US","potentialAction":[{"@type":"ReadAction","target":["https:\/\/rebar.one\/en\/vork\/"]}]},{"@type":"ImageObject","inLanguage":"en-US","@id":"https:\/\/rebar.one\/en\/vork\/#primaryimage","url":"https:\/\/rebar.one\/wp-content\/uploads\/2023\/02\/iStock-1347991741_standardvork-1024x683.jpg","contentUrl":"https:\/\/rebar.one\/wp-content\/uploads\/2023\/02\/iStock-1347991741_standardvork-1024x683.jpg"},{"@type":"BreadcrumbList","@id":"https:\/\/rebar.one\/en\/vork\/#breadcrumb","itemListElement":[{"@type":"ListItem","position":1,"name":"Home","item":"https:\/\/rebar.one\/en\/"},{"@type":"ListItem","position":2,"name":"V\u00f5rk"}]},{"@type":"WebSite","@id":"https:\/\/rebar.one\/en\/#website","url":"https:\/\/rebar.one\/en\/","name":"Nordic Rebar","description":"","potentialAction":[{"@type":"SearchAction","target":{"@type":"EntryPoint","urlTemplate":"https:\/\/rebar.one\/en\/?s={search_term_string}"},"query-input":"required name=search_term_string"}],"inLanguage":"en-US"}]}},"_links":{"self":[{"href":"https:\/\/rebar.one\/en\/wp-json\/wp\/v2\/pages\/2153","targetHints":{"allow":["GET"]}}],"collection":[{"href":"https:\/\/rebar.one\/en\/wp-json\/wp\/v2\/pages"}],"about":[{"href":"https:\/\/rebar.one\/en\/wp-json\/wp\/v2\/types\/page"}],"author":[{"embeddable":true,"href":"https:\/\/rebar.one\/en\/wp-json\/wp\/v2\/users\/3"}],"replies":[{"embeddable":true,"href":"https:\/\/rebar.one\/en\/wp-json\/wp\/v2\/comments?post=2153"}],"version-history":[{"count":5,"href":"https:\/\/rebar.one\/en\/wp-json\/wp\/v2\/pages\/2153\/revisions"}],"predecessor-version":[{"id":2184,"href":"https:\/\/rebar.one\/en\/wp-json\/wp\/v2\/pages\/2153\/revisions\/2184"}],"wp:attachment":[{"href":"https:\/\/rebar.one\/en\/wp-json\/wp\/v2\/media?parent=2153"}],"curies":[{"name":"wp","href":"https:\/\/api.w.org\/{rel}","templated":true}]}}