{"id":2155,"date":"2023-08-30T08:39:56","date_gmt":"2023-08-30T08:39:56","guid":{"rendered":"https:\/\/rebar.one\/?page_id=2155"},"modified":"2024-01-30T15:02:08","modified_gmt":"2024-01-30T15:02:08","slug":"armatuur","status":"publish","type":"page","link":"https:\/\/rebar.one\/en\/armatuur\/","title":{"rendered":"Armatuur"},"content":{"rendered":"\n<h1 class=\"wp-block-heading\">Armatuur<\/h1>\n\n\n\n<p>Kliendid hindavad meie p\u00fchendumist tellimuste t\u00e4itmisel &#8211; teenindus, kvaliteet ja tarnekindlus.<\/p>\n\n\n\n<hr class=\"wp-block-separator has-alpha-channel-opacity\"\/>\n\n\n\n<figure class=\"wp-block-image size-large is-resized\"><img fetchpriority=\"high\" decoding=\"async\" width=\"1024\" height=\"683\" src=\"https:\/\/rebar.one\/wp-content\/uploads\/2023\/02\/iStock-956676812_sirge-1024x683.jpg\" alt=\"Armatuur - Rebar\" class=\"wp-image-2003\" style=\"aspect-ratio:3\/2;object-fit:cover;width:500px\" srcset=\"https:\/\/rebar.one\/wp-content\/uploads\/2023\/02\/iStock-956676812_sirge-1024x683.jpg 1024w, https:\/\/rebar.one\/wp-content\/uploads\/2023\/02\/iStock-956676812_sirge-300x200.jpg 300w, https:\/\/rebar.one\/wp-content\/uploads\/2023\/02\/iStock-956676812_sirge-768x512.jpg 768w, https:\/\/rebar.one\/wp-content\/uploads\/2023\/02\/iStock-956676812_sirge-1536x1024.jpg 1536w, https:\/\/rebar.one\/wp-content\/uploads\/2023\/02\/iStock-956676812_sirge-2048x1365.jpg 2048w\" sizes=\"(max-width: 1024px) 100vw, 1024px\" \/><\/figure>\n\n\n\n<div style=\"height:35px\" aria-hidden=\"true\" class=\"wp-block-spacer\"><\/div>\n\n\n\n<h2 class=\"wp-block-heading\">Pakume j\u00e4rgmisi armatuurterasega seotuid tooteid ja teenuseid<\/h2>\n\n\n\n<div style=\"height:35px\" aria-hidden=\"true\" class=\"wp-block-spacer\"><\/div>\n\n\n\n<p class=\"has-medium-font-size\"><a href=\"https:\/\/rebar.one\/armatuurterase-muuk\/\" target=\"_blank\" rel=\"noreferrer noopener\">Armatuurterase m\u00fc\u00fck <\/a><\/p>\n\n\n\n<p class=\"has-medium-font-size\"><a href=\"https:\/\/rebar.one\/armatuur-ja-teras\/\" target=\"_blank\" rel=\"noreferrer noopener\">Armatuurteras ehituses<\/a><\/p>\n\n\n\n<p class=\"has-medium-font-size\"><a href=\"https:\/\/rebar.one\/armatuur-ja-teras-2\/\" target=\"_blank\" rel=\"noreferrer noopener\">Armatuurteras  infrastruktuuri ehitajale<\/a><\/p>\n\n\n\n<p class=\"has-medium-font-size\"><a href=\"https:\/\/rebar.one\/harjatud-teras\/\" target=\"_blank\" rel=\"noreferrer noopener\">Armatuurteras edasim\u00fc\u00fcjatele<\/a><\/p>\n\n\n\n<hr class=\"wp-block-separator has-alpha-channel-opacity\"\/>\n\n\n\n<h2 class=\"wp-block-heading\">Sirge armatuurteras<\/h2>\n\n\n\n<p>Vastavalt standarditele DIN 488, SFS1300<br>&#8211; B500B, B500A<br>&#8211; D5-20 mm<br>&#8211; roostevaba D7, D9, D11 mm<\/p>\n\n\n\n<h2 class=\"wp-block-heading\">Armatuur keras<\/h2>\n\n\n\n<p>Vastavalt standarditele DIN 488, SFS1300<br>&#8211; B500B, B500A<br>&#8211; D5-20 mm<br>&#8211; roostevaba D7, D9, D11 mm<\/p>\n\n\n\n<hr class=\"wp-block-separator has-alpha-channel-opacity\"\/>\n\n\n\n<h3 class=\"wp-block-heading\">Nordic Rebar<\/h3>\n\n\n\n<p><strong>Nordic Rebar toodab laias valikus armatuurterasest tooteid.<\/strong><br>Oma tegevuses oleme kindlalt p\u00fchendunud j\u00e4tkusuutlikule arengule. Meil on pikaaegne kogemus ja professionaalsed inimesed kes asjaga tegelevad ja kindlasti suudavad teid aidata.<br>P\u00f6\u00f6rame suurt t\u00e4helepanu t\u00f6\u00f6ohutusele ja keskkonnam\u00f5judele. Seet\u00f5ttu kasutame juhtimiss\u00fcsteeme, mis tagavad toodete \u00fclima kvaliteedi ja protsesside pideva t\u00e4iustamise.<\/p>\n\n\n\n<p><\/p>\n\n\n\n<h3 class=\"wp-block-heading\">Miks valida meid armatuuri valmistaja koost\u00f6\u00f6partneriks?<\/h3>\n\n\n\n<p><strong>Soovime s\u00e4\u00e4sta oma klientide aega ja raha!<\/strong><br>Nordic Rebari armatuurterasest toodete valmislahenduse kasutamine mitmekordistab t\u00f6\u00f6 efektiivsust, parandab t\u00f6\u00f6ohutust ja v\u00e4ldib asjatut kulu, seega S\u00c4\u00c4STAD AEGA JA RAHA.<\/p>\n\n\n\n<h3 class=\"wp-block-heading\">Armatuuri hind:<\/h3>\n\n\n\n<p>Kuna hind s\u00f5ltub paljudest asjadest siis t\u00e4psema hinna teadasaamiseks palun v\u00f5tke meiega \u00fchendust.<br>Samuti kui on tekkinud lisak\u00fcsimusi.  <strong>Oleme siin et Teid aidata.<\/strong><\/p>\n\n\n\n<p>info@rebar.one<\/p>\n\n\n\n<p><a href=\"https:\/\/rebar.one\/kontakt\/\" target=\"_blank\" rel=\"noreferrer noopener\">Kasuta kontaktivormi<\/a><\/p>\n\n\n\n<figure class=\"wp-block-image size-full\"><a href=\"https:\/\/rebar.one\"><img decoding=\"async\" src=\"https:\/\/rebar.one\/wp-content\/uploads\/2023\/02\/logo.svg\" alt=\"\" class=\"wp-image-21\"\/><\/a><\/figure>\n\n\n\n<p>Kiwa\/Inspecta Sertifiointi Oy (Soome) on v\u00e4ljastanud Nordic Rebarile sertifikaadi, mis kinnitab tootmise vastavust Soome standardile. Samuti on sertifitseeritud armatuurteraste keevisliitmine.<\/p>\n\n\n\n<figure class=\"wp-block-image size-full\"><img decoding=\"async\" src=\"https:\/\/rebar.one\/wp-content\/uploads\/2023\/02\/kiwa.svg\" alt=\"\" class=\"wp-image-140\"\/><\/figure>\n","protected":false},"excerpt":{"rendered":"<p>Armatuur Kliendid hindavad meie p\u00fchendumist tellimuste t\u00e4itmisel &#8211; teenindus, kvaliteet ja tarnekindlus. Pakume j\u00e4rgmisi armatuurterasega seotuid tooteid ja teenuseid Armatuurterase m\u00fc\u00fck Armatuurteras ehituses Armatuurteras infrastruktuuri ehitajale Armatuurteras edasim\u00fc\u00fcjatele Sirge armatuurteras Vastavalt standarditele DIN 488, SFS1300&#8211; B500B, B500A&#8211; D5-20 mm&#8211; roostevaba D7, D9, D11 mm Armatuur keras Vastavalt standarditele DIN 488, SFS1300&#8211; B500B, B500A&#8211; D5-20 mm&#8211; [&hellip;]<\/p>\n","protected":false},"author":3,"featured_media":0,"parent":0,"menu_order":0,"comment_status":"closed","ping_status":"closed","template":"seo-template.php","meta":{"_acf_changed":false,"footnotes":""},"class_list":["post-2155","page","type-page","status-publish","hentry"],"acf":[],"yoast_head":"<!-- This site is optimized with the Yoast SEO plugin v22.5 - https:\/\/yoast.com\/wordpress\/plugins\/seo\/ -->\n<title>Armatuur: Sirge ja keras kvaliteetne armatuurteras | Rebar<\/title>\n<meta name=\"description\" content=\"Armatuur: Meie armatuurterasest toodete valmislahenduse kasutamine mitmekordistab t\u00f6\u00f6 efektiivsust, seega s\u00e4\u00e4stad aega ja raha. K\u00fcsi pakkumist!\" \/>\n<meta name=\"robots\" content=\"index, follow, max-snippet:-1, max-image-preview:large, max-video-preview:-1\" \/>\n<link rel=\"canonical\" href=\"https:\/\/rebar.one\/en\/armatuur\/\" \/>\n<meta property=\"og:locale\" content=\"en_US\" \/>\n<meta property=\"og:type\" content=\"article\" \/>\n<meta property=\"og:title\" content=\"Armatuur: Sirge ja keras kvaliteetne armatuurteras | Rebar\" \/>\n<meta property=\"og:description\" content=\"Armatuur: Meie armatuurterasest toodete valmislahenduse kasutamine mitmekordistab t\u00f6\u00f6 efektiivsust, seega s\u00e4\u00e4stad aega ja raha. K\u00fcsi pakkumist!\" \/>\n<meta property=\"og:url\" content=\"https:\/\/rebar.one\/armatuur\/\" \/>\n<meta property=\"og:site_name\" content=\"Nordic Rebar\" \/>\n<meta property=\"article:modified_time\" content=\"2024-01-30T15:02:08+00:00\" \/>\n<meta property=\"og:image\" content=\"https:\/\/rebar.one\/wp-content\/uploads\/2023\/02\/iStock-956676812_sirge-1024x683.jpg\" \/>\n<meta name=\"twitter:card\" content=\"summary_large_image\" \/>\n<meta name=\"twitter:label1\" content=\"Est. reading time\" \/>\n\t<meta name=\"twitter:data1\" content=\"2 minutes\" \/>\n<script type=\"application\/ld+json\" class=\"yoast-schema-graph\">{\"@context\":\"https:\/\/schema.org\",\"@graph\":[{\"@type\":\"WebPage\",\"@id\":\"https:\/\/rebar.one\/en\/armatuur\/\",\"url\":\"https:\/\/rebar.one\/armatuur\/\",\"name\":\"Armatuur: Sirge ja keras kvaliteetne armatuurteras | Rebar\",\"isPartOf\":{\"@id\":\"https:\/\/rebar.one\/en\/#website\"},\"primaryImageOfPage\":{\"@id\":\"https:\/\/rebar.one\/armatuur\/#primaryimage\"},\"image\":{\"@id\":\"https:\/\/rebar.one\/armatuur\/#primaryimage\"},\"thumbnailUrl\":\"https:\/\/rebar.one\/wp-content\/uploads\/2023\/02\/iStock-956676812_sirge-1024x683.jpg\",\"datePublished\":\"2023-08-30T08:39:56+00:00\",\"dateModified\":\"2024-01-30T15:02:08+00:00\",\"description\":\"Armatuur: Meie armatuurterasest toodete valmislahenduse kasutamine mitmekordistab t\u00f6\u00f6 efektiivsust, seega s\u00e4\u00e4stad aega ja raha. K\u00fcsi pakkumist!\",\"breadcrumb\":{\"@id\":\"https:\/\/rebar.one\/armatuur\/#breadcrumb\"},\"inLanguage\":\"en-US\",\"potentialAction\":[{\"@type\":\"ReadAction\",\"target\":[\"https:\/\/rebar.one\/armatuur\/\"]}]},{\"@type\":\"ImageObject\",\"inLanguage\":\"en-US\",\"@id\":\"https:\/\/rebar.one\/armatuur\/#primaryimage\",\"url\":\"https:\/\/rebar.one\/wp-content\/uploads\/2023\/02\/iStock-956676812_sirge-1024x683.jpg\",\"contentUrl\":\"https:\/\/rebar.one\/wp-content\/uploads\/2023\/02\/iStock-956676812_sirge-1024x683.jpg\"},{\"@type\":\"BreadcrumbList\",\"@id\":\"https:\/\/rebar.one\/armatuur\/#breadcrumb\",\"itemListElement\":[{\"@type\":\"ListItem\",\"position\":1,\"name\":\"Home\",\"item\":\"https:\/\/rebar.one\/en\/\"},{\"@type\":\"ListItem\",\"position\":2,\"name\":\"Armatuur\"}]},{\"@type\":\"WebSite\",\"@id\":\"https:\/\/rebar.one\/en\/#website\",\"url\":\"https:\/\/rebar.one\/en\/\",\"name\":\"Nordic Rebar\",\"description\":\"\",\"potentialAction\":[{\"@type\":\"SearchAction\",\"target\":{\"@type\":\"EntryPoint\",\"urlTemplate\":\"https:\/\/rebar.one\/en\/?s={search_term_string}\"},\"query-input\":\"required name=search_term_string\"}],\"inLanguage\":\"en-US\"}]}<\/script>\n<!-- \/ Yoast SEO plugin. -->","yoast_head_json":{"title":"Armatuur: Sirge ja keras kvaliteetne armatuurteras | Rebar","description":"Armatuur: Meie armatuurterasest toodete valmislahenduse kasutamine mitmekordistab t\u00f6\u00f6 efektiivsust, seega s\u00e4\u00e4stad aega ja raha. K\u00fcsi pakkumist!","robots":{"index":"index","follow":"follow","max-snippet":"max-snippet:-1","max-image-preview":"max-image-preview:large","max-video-preview":"max-video-preview:-1"},"canonical":"https:\/\/rebar.one\/en\/armatuur\/","og_locale":"en_US","og_type":"article","og_title":"Armatuur: Sirge ja keras kvaliteetne armatuurteras | Rebar","og_description":"Armatuur: Meie armatuurterasest toodete valmislahenduse kasutamine mitmekordistab t\u00f6\u00f6 efektiivsust, seega s\u00e4\u00e4stad aega ja raha. K\u00fcsi pakkumist!","og_url":"https:\/\/rebar.one\/armatuur\/","og_site_name":"Nordic Rebar","article_modified_time":"2024-01-30T15:02:08+00:00","og_image":[{"url":"https:\/\/rebar.one\/wp-content\/uploads\/2023\/02\/iStock-956676812_sirge-1024x683.jpg"}],"twitter_card":"summary_large_image","twitter_misc":{"Est. reading time":"2 minutes"},"schema":{"@context":"https:\/\/schema.org","@graph":[{"@type":"WebPage","@id":"https:\/\/rebar.one\/en\/armatuur\/","url":"https:\/\/rebar.one\/armatuur\/","name":"Armatuur: Sirge ja keras kvaliteetne armatuurteras | Rebar","isPartOf":{"@id":"https:\/\/rebar.one\/en\/#website"},"primaryImageOfPage":{"@id":"https:\/\/rebar.one\/armatuur\/#primaryimage"},"image":{"@id":"https:\/\/rebar.one\/armatuur\/#primaryimage"},"thumbnailUrl":"https:\/\/rebar.one\/wp-content\/uploads\/2023\/02\/iStock-956676812_sirge-1024x683.jpg","datePublished":"2023-08-30T08:39:56+00:00","dateModified":"2024-01-30T15:02:08+00:00","description":"Armatuur: Meie armatuurterasest toodete valmislahenduse kasutamine mitmekordistab t\u00f6\u00f6 efektiivsust, seega s\u00e4\u00e4stad aega ja raha. K\u00fcsi pakkumist!","breadcrumb":{"@id":"https:\/\/rebar.one\/armatuur\/#breadcrumb"},"inLanguage":"en-US","potentialAction":[{"@type":"ReadAction","target":["https:\/\/rebar.one\/armatuur\/"]}]},{"@type":"ImageObject","inLanguage":"en-US","@id":"https:\/\/rebar.one\/armatuur\/#primaryimage","url":"https:\/\/rebar.one\/wp-content\/uploads\/2023\/02\/iStock-956676812_sirge-1024x683.jpg","contentUrl":"https:\/\/rebar.one\/wp-content\/uploads\/2023\/02\/iStock-956676812_sirge-1024x683.jpg"},{"@type":"BreadcrumbList","@id":"https:\/\/rebar.one\/armatuur\/#breadcrumb","itemListElement":[{"@type":"ListItem","position":1,"name":"Home","item":"https:\/\/rebar.one\/en\/"},{"@type":"ListItem","position":2,"name":"Armatuur"}]},{"@type":"WebSite","@id":"https:\/\/rebar.one\/en\/#website","url":"https:\/\/rebar.one\/en\/","name":"Nordic Rebar","description":"","potentialAction":[{"@type":"SearchAction","target":{"@type":"EntryPoint","urlTemplate":"https:\/\/rebar.one\/en\/?s={search_term_string}"},"query-input":"required name=search_term_string"}],"inLanguage":"en-US"}]}},"_links":{"self":[{"href":"https:\/\/rebar.one\/en\/wp-json\/wp\/v2\/pages\/2155","targetHints":{"allow":["GET"]}}],"collection":[{"href":"https:\/\/rebar.one\/en\/wp-json\/wp\/v2\/pages"}],"about":[{"href":"https:\/\/rebar.one\/en\/wp-json\/wp\/v2\/types\/page"}],"author":[{"embeddable":true,"href":"https:\/\/rebar.one\/en\/wp-json\/wp\/v2\/users\/3"}],"replies":[{"embeddable":true,"href":"https:\/\/rebar.one\/en\/wp-json\/wp\/v2\/comments?post=2155"}],"version-history":[{"count":41,"href":"https:\/\/rebar.one\/en\/wp-json\/wp\/v2\/pages\/2155\/revisions"}],"predecessor-version":[{"id":2324,"href":"https:\/\/rebar.one\/en\/wp-json\/wp\/v2\/pages\/2155\/revisions\/2324"}],"wp:attachment":[{"href":"https:\/\/rebar.one\/en\/wp-json\/wp\/v2\/media?parent=2155"}],"curies":[{"name":"wp","href":"https:\/\/api.w.org\/{rel}","templated":true}]}}