{"id":2642,"date":"2024-10-03T07:37:23","date_gmt":"2024-10-03T07:37:23","guid":{"rendered":"https:\/\/rebar.one\/?page_id=2642"},"modified":"2024-10-03T07:39:21","modified_gmt":"2024-10-03T07:39:21","slug":"tehtud-tood","status":"publish","type":"page","link":"https:\/\/rebar.one\/en\/tehtud-tood\/","title":{"rendered":"Tehtud t\u00f6\u00f6d"},"content":{"rendered":"","protected":false},"excerpt":{"rendered":"","protected":false},"author":2,"featured_media":0,"parent":0,"menu_order":0,"comment_status":"closed","ping_status":"closed","template":"","meta":{"_acf_changed":false,"footnotes":""},"class_list":["post-2642","page","type-page","status-publish","hentry"],"acf":[],"yoast_head":"<!-- This site is optimized with the Yoast SEO plugin v22.5 - https:\/\/yoast.com\/wordpress\/plugins\/seo\/ -->\n<title>Tehtud t\u00f6\u00f6d - Nordic Rebar<\/title>\n<meta name=\"description\" content=\"Tehtud t\u00f6\u00f6d : Nordic Rebari armatuurterasest toodete valmislahenduse kasutamine mitmekordistab t\u00f6\u00f6 efektiivsust, v\u00e4ldib asjatut kulu, seega s\u00e4\u00e4stad aega ja raha. K\u00fcsi pakkumist!\" \/>\n<meta name=\"robots\" content=\"index, follow, max-snippet:-1, max-image-preview:large, max-video-preview:-1\" \/>\n<link rel=\"canonical\" href=\"https:\/\/rebar.one\/en\/tehtud-tood\/\" \/>\n<meta property=\"og:locale\" content=\"en_US\" \/>\n<meta property=\"og:type\" content=\"article\" \/>\n<meta property=\"og:title\" content=\"Tehtud t\u00f6\u00f6d - Nordic Rebar\" \/>\n<meta property=\"og:description\" content=\"Tehtud t\u00f6\u00f6d : Nordic Rebari armatuurterasest toodete valmislahenduse kasutamine mitmekordistab t\u00f6\u00f6 efektiivsust, v\u00e4ldib asjatut kulu, seega s\u00e4\u00e4stad aega ja raha. K\u00fcsi pakkumist!\" \/>\n<meta property=\"og:url\" content=\"https:\/\/rebar.one\/en\/tehtud-tood\/\" \/>\n<meta property=\"og:site_name\" content=\"Nordic Rebar\" \/>\n<meta property=\"article:modified_time\" content=\"2024-10-03T07:39:21+00:00\" \/>\n<meta name=\"twitter:card\" content=\"summary_large_image\" \/>\n<script type=\"application\/ld+json\" class=\"yoast-schema-graph\">{\"@context\":\"https:\/\/schema.org\",\"@graph\":[{\"@type\":\"WebPage\",\"@id\":\"https:\/\/rebar.one\/en\/tehtud-tood\/\",\"url\":\"https:\/\/rebar.one\/en\/tehtud-tood\/\",\"name\":\"Tehtud t\u00f6\u00f6d - Nordic Rebar\",\"isPartOf\":{\"@id\":\"https:\/\/rebar.one\/en\/#website\"},\"datePublished\":\"2024-10-03T07:37:23+00:00\",\"dateModified\":\"2024-10-03T07:39:21+00:00\",\"description\":\"Tehtud t\u00f6\u00f6d : Nordic Rebari armatuurterasest toodete valmislahenduse kasutamine mitmekordistab t\u00f6\u00f6 efektiivsust, v\u00e4ldib asjatut kulu, seega s\u00e4\u00e4stad aega ja raha. K\u00fcsi pakkumist!\",\"breadcrumb\":{\"@id\":\"https:\/\/rebar.one\/en\/tehtud-tood\/#breadcrumb\"},\"inLanguage\":\"en-US\",\"potentialAction\":[{\"@type\":\"ReadAction\",\"target\":[\"https:\/\/rebar.one\/en\/tehtud-tood\/\"]}]},{\"@type\":\"BreadcrumbList\",\"@id\":\"https:\/\/rebar.one\/en\/tehtud-tood\/#breadcrumb\",\"itemListElement\":[{\"@type\":\"ListItem\",\"position\":1,\"name\":\"Home\",\"item\":\"https:\/\/rebar.one\/en\/\"},{\"@type\":\"ListItem\",\"position\":2,\"name\":\"Tehtud t\u00f6\u00f6d\"}]},{\"@type\":\"WebSite\",\"@id\":\"https:\/\/rebar.one\/en\/#website\",\"url\":\"https:\/\/rebar.one\/en\/\",\"name\":\"Nordic Rebar\",\"description\":\"\",\"potentialAction\":[{\"@type\":\"SearchAction\",\"target\":{\"@type\":\"EntryPoint\",\"urlTemplate\":\"https:\/\/rebar.one\/en\/?s={search_term_string}\"},\"query-input\":\"required name=search_term_string\"}],\"inLanguage\":\"en-US\"}]}<\/script>\n<!-- \/ Yoast SEO plugin. -->","yoast_head_json":{"title":"Tehtud t\u00f6\u00f6d - Nordic Rebar","description":"Tehtud t\u00f6\u00f6d : Nordic Rebari armatuurterasest toodete valmislahenduse kasutamine mitmekordistab t\u00f6\u00f6 efektiivsust, v\u00e4ldib asjatut kulu, seega s\u00e4\u00e4stad aega ja raha. K\u00fcsi pakkumist!","robots":{"index":"index","follow":"follow","max-snippet":"max-snippet:-1","max-image-preview":"max-image-preview:large","max-video-preview":"max-video-preview:-1"},"canonical":"https:\/\/rebar.one\/en\/tehtud-tood\/","og_locale":"en_US","og_type":"article","og_title":"Tehtud t\u00f6\u00f6d - Nordic Rebar","og_description":"Tehtud t\u00f6\u00f6d : Nordic Rebari armatuurterasest toodete valmislahenduse kasutamine mitmekordistab t\u00f6\u00f6 efektiivsust, v\u00e4ldib asjatut kulu, seega s\u00e4\u00e4stad aega ja raha. K\u00fcsi pakkumist!","og_url":"https:\/\/rebar.one\/en\/tehtud-tood\/","og_site_name":"Nordic Rebar","article_modified_time":"2024-10-03T07:39:21+00:00","twitter_card":"summary_large_image","schema":{"@context":"https:\/\/schema.org","@graph":[{"@type":"WebPage","@id":"https:\/\/rebar.one\/en\/tehtud-tood\/","url":"https:\/\/rebar.one\/en\/tehtud-tood\/","name":"Tehtud t\u00f6\u00f6d - Nordic Rebar","isPartOf":{"@id":"https:\/\/rebar.one\/en\/#website"},"datePublished":"2024-10-03T07:37:23+00:00","dateModified":"2024-10-03T07:39:21+00:00","description":"Tehtud t\u00f6\u00f6d : Nordic Rebari armatuurterasest toodete valmislahenduse kasutamine mitmekordistab t\u00f6\u00f6 efektiivsust, v\u00e4ldib asjatut kulu, seega s\u00e4\u00e4stad aega ja raha. K\u00fcsi pakkumist!","breadcrumb":{"@id":"https:\/\/rebar.one\/en\/tehtud-tood\/#breadcrumb"},"inLanguage":"en-US","potentialAction":[{"@type":"ReadAction","target":["https:\/\/rebar.one\/en\/tehtud-tood\/"]}]},{"@type":"BreadcrumbList","@id":"https:\/\/rebar.one\/en\/tehtud-tood\/#breadcrumb","itemListElement":[{"@type":"ListItem","position":1,"name":"Home","item":"https:\/\/rebar.one\/en\/"},{"@type":"ListItem","position":2,"name":"Tehtud t\u00f6\u00f6d"}]},{"@type":"WebSite","@id":"https:\/\/rebar.one\/en\/#website","url":"https:\/\/rebar.one\/en\/","name":"Nordic Rebar","description":"","potentialAction":[{"@type":"SearchAction","target":{"@type":"EntryPoint","urlTemplate":"https:\/\/rebar.one\/en\/?s={search_term_string}"},"query-input":"required name=search_term_string"}],"inLanguage":"en-US"}]}},"_links":{"self":[{"href":"https:\/\/rebar.one\/en\/wp-json\/wp\/v2\/pages\/2642","targetHints":{"allow":["GET"]}}],"collection":[{"href":"https:\/\/rebar.one\/en\/wp-json\/wp\/v2\/pages"}],"about":[{"href":"https:\/\/rebar.one\/en\/wp-json\/wp\/v2\/types\/page"}],"author":[{"embeddable":true,"href":"https:\/\/rebar.one\/en\/wp-json\/wp\/v2\/users\/2"}],"replies":[{"embeddable":true,"href":"https:\/\/rebar.one\/en\/wp-json\/wp\/v2\/comments?post=2642"}],"version-history":[{"count":1,"href":"https:\/\/rebar.one\/en\/wp-json\/wp\/v2\/pages\/2642\/revisions"}],"predecessor-version":[{"id":2643,"href":"https:\/\/rebar.one\/en\/wp-json\/wp\/v2\/pages\/2642\/revisions\/2643"}],"wp:attachment":[{"href":"https:\/\/rebar.one\/en\/wp-json\/wp\/v2\/media?parent=2642"}],"curies":[{"name":"wp","href":"https:\/\/api.w.org\/{rel}","templated":true}]}}