{"id":2172,"date":"2023-08-31T07:00:44","date_gmt":"2023-08-31T07:00:44","guid":{"rendered":"https:\/\/rebar.one\/?page_id=2172"},"modified":"2024-01-03T06:45:19","modified_gmt":"2024-01-03T06:45:19","slug":"betoniverkko","status":"publish","type":"page","link":"https:\/\/rebar.one\/fi\/betoniverkko\/","title":{"rendered":"Betoniverkko"},"content":{"rendered":"\n<h1 class=\"wp-block-heading\">Betoniverkko<\/h1>\n\n\n\n<hr class=\"wp-block-separator has-alpha-channel-opacity\"\/>\n\n\n\n<figure class=\"wp-block-image size-large\"><img fetchpriority=\"high\" decoding=\"async\" width=\"1024\" height=\"683\" src=\"https:\/\/rebar.one\/wp-content\/uploads\/2023\/02\/iStock-1347991741_standardvork-1024x683.jpg\" alt=\"Betoniverkko\" class=\"wp-image-2010\" srcset=\"https:\/\/rebar.one\/wp-content\/uploads\/2023\/02\/iStock-1347991741_standardvork-1024x683.jpg 1024w, https:\/\/rebar.one\/wp-content\/uploads\/2023\/02\/iStock-1347991741_standardvork-300x200.jpg 300w, https:\/\/rebar.one\/wp-content\/uploads\/2023\/02\/iStock-1347991741_standardvork-768x512.jpg 768w, https:\/\/rebar.one\/wp-content\/uploads\/2023\/02\/iStock-1347991741_standardvork-1536x1024.jpg 1536w, https:\/\/rebar.one\/wp-content\/uploads\/2023\/02\/iStock-1347991741_standardvork-2048x1365.jpg 2048w\" sizes=\"(max-width: 1024px) 100vw, 1024px\" \/><\/figure>\n\n\n\n<h2 class=\"wp-block-heading\"><strong>Betoniter\u00e4sverkot B500A, vakioverkot<\/strong><\/h2>\n\n\n\n<h5 class=\"wp-block-heading\">Myymme ns. vakioverkkoja. Silm\u00e4koko <strong>100\/100, 150\/150 tai 200\/200 mm.<\/strong><br>Verkojen vakiopituudet <strong>6000 mm tai 5000 mm.<\/strong><br>Leveydet <strong>2350 mm, 2530 mm tai 2930 mm.<\/strong><\/h5>\n\n\n\n<h2 class=\"wp-block-heading\"><strong>Erikoisverkot<\/strong><\/h2>\n\n\n\n<p>Valmistamme erilaisia erikoismittaisia verkkoja, sormiverkkoja, kaistaverkkoja jne. asiakkaan tarpeiden mukaan. Materiaalit joko B500A tai B500B. Verkkojen maksimikoko: leveys 2930 mm ja pituus 12 000 mm.<br>Tavoitteenamme on auttaa asiakasta l\u00f6yt\u00e4m\u00e4\u00e4n oikeat ty\u00f6maalla aikaa ja rahaa s\u00e4\u00e4st\u00e4v\u00e4t ratkaisut.<\/p>\n\n\n\n<p><\/p>\n\n\n\n<hr class=\"wp-block-separator has-alpha-channel-opacity\"\/>\n\n\n\n<p>Betoniverkko on t\u00e4rke\u00e4 komponentti monissa rakennusprojekteissa, sill\u00e4 se vahvistaa ja tukee betonirakenteita, v\u00e4hent\u00e4en halkeamisen riski\u00e4. Betoni on luonnostaan vahva puristusvoimille, mutta heikko vetolujuudelle. Verkon lis\u00e4\u00e4minen betonin sekaan parantaa sen vetolujuutta ja kest\u00e4vyytt\u00e4.<\/p>\n\n\n\n<p><\/p>\n\n\n\n<h2 class=\"wp-block-heading\">Betoniverkon k\u00e4ytt\u00f6alue<\/h2>\n\n\n\n<p>Betoniverkkoa k\u00e4ytet\u00e4\u00e4n laajasti perustuksista, lattioista ja seinist\u00e4 siltoihin, maanteihin ja kiitoratoihin. Verkon muoto ja koko voivat vaihdella riippuen erityisest\u00e4 sovelluksesta. Jossakin projektissa saattaa olla tarve eritt\u00e4in tihe\u00e4lle ja hienolle verkolle, kun taas toisissa voi olla sopivampaa k\u00e4ytt\u00e4\u00e4 suuremmalla silm\u00e4koolla olevaa verkkoa.<\/p>\n\n\n\n<h2 class=\"wp-block-heading\">Betoniverkon asennus<\/h2>\n\n\n\n<p><\/p>\n\n\n\n<p>Betoniverkon asennuksessa on t\u00e4rke\u00e4\u00e4 varmistaa, ett\u00e4 se on oikein sijoitettu ja ett\u00e4 se on kunnolla peitetty betonin valamisen aikana. Jos verkko sijoitetaan liian l\u00e4helle pintaa, se saattaa ajan mittaan ruostua ja aiheuttaa betonin rappeutumista.<\/p>\n\n\n\n<figure class=\"wp-block-gallery has-nested-images columns-4 is-cropped wp-block-gallery-1 is-layout-flex wp-block-gallery-is-layout-flex\">\n<figure class=\"wp-block-image size-large\"><img decoding=\"async\" width=\"1024\" height=\"683\" data-id=\"2010\" src=\"https:\/\/rebar.one\/wp-content\/uploads\/2023\/02\/iStock-1347991741_standardvork-1024x683.jpg\" alt=\"\" class=\"wp-image-2010\" srcset=\"https:\/\/rebar.one\/wp-content\/uploads\/2023\/02\/iStock-1347991741_standardvork-1024x683.jpg 1024w, https:\/\/rebar.one\/wp-content\/uploads\/2023\/02\/iStock-1347991741_standardvork-300x200.jpg 300w, https:\/\/rebar.one\/wp-content\/uploads\/2023\/02\/iStock-1347991741_standardvork-768x512.jpg 768w, https:\/\/rebar.one\/wp-content\/uploads\/2023\/02\/iStock-1347991741_standardvork-1536x1024.jpg 1536w, https:\/\/rebar.one\/wp-content\/uploads\/2023\/02\/iStock-1347991741_standardvork-2048x1365.jpg 2048w\" sizes=\"(max-width: 1024px) 100vw, 1024px\" \/><\/figure>\n\n\n\n<figure class=\"wp-block-image size-large\"><img decoding=\"async\" width=\"1024\" height=\"680\" data-id=\"2001\" src=\"https:\/\/rebar.one\/wp-content\/uploads\/2023\/02\/992_Esilehele-1024x680.jpg\" alt=\"\" class=\"wp-image-2001\" srcset=\"https:\/\/rebar.one\/wp-content\/uploads\/2023\/02\/992_Esilehele-1024x680.jpg 1024w, https:\/\/rebar.one\/wp-content\/uploads\/2023\/02\/992_Esilehele-300x199.jpg 300w, https:\/\/rebar.one\/wp-content\/uploads\/2023\/02\/992_Esilehele-768x510.jpg 768w, https:\/\/rebar.one\/wp-content\/uploads\/2023\/02\/992_Esilehele-1536x1020.jpg 1536w, https:\/\/rebar.one\/wp-content\/uploads\/2023\/02\/992_Esilehele-2048x1360.jpg 2048w\" sizes=\"(max-width: 1024px) 100vw, 1024px\" \/><\/figure>\n\n\n\n<figure class=\"wp-block-image size-large\"><img loading=\"lazy\" decoding=\"async\" width=\"1024\" height=\"966\" data-id=\"1630\" src=\"https:\/\/rebar.one\/wp-content\/uploads\/2023\/03\/B296D2DB-BA8C-418F-A734-D149ED519A1F-scaled-e1677758610619-1024x966.jpeg\" alt=\"\" class=\"wp-image-1630\" srcset=\"https:\/\/rebar.one\/wp-content\/uploads\/2023\/03\/B296D2DB-BA8C-418F-A734-D149ED519A1F-scaled-e1677758610619-1024x966.jpeg 1024w, https:\/\/rebar.one\/wp-content\/uploads\/2023\/03\/B296D2DB-BA8C-418F-A734-D149ED519A1F-scaled-e1677758610619-300x283.jpeg 300w, https:\/\/rebar.one\/wp-content\/uploads\/2023\/03\/B296D2DB-BA8C-418F-A734-D149ED519A1F-scaled-e1677758610619-768x724.jpeg 768w, https:\/\/rebar.one\/wp-content\/uploads\/2023\/03\/B296D2DB-BA8C-418F-A734-D149ED519A1F-scaled-e1677758610619-1536x1449.jpeg 1536w, https:\/\/rebar.one\/wp-content\/uploads\/2023\/03\/B296D2DB-BA8C-418F-A734-D149ED519A1F-scaled-e1677758610619.jpeg 1920w\" sizes=\"(max-width: 1024px) 100vw, 1024px\" \/><\/figure>\n\n\n\n<figure class=\"wp-block-image size-large\"><img loading=\"lazy\" decoding=\"async\" width=\"906\" height=\"680\" data-id=\"1599\" src=\"https:\/\/rebar.one\/wp-content\/uploads\/2023\/02\/Vakioverkot2.jpg\" alt=\"\" class=\"wp-image-1599\" srcset=\"https:\/\/rebar.one\/wp-content\/uploads\/2023\/02\/Vakioverkot2.jpg 906w, https:\/\/rebar.one\/wp-content\/uploads\/2023\/02\/Vakioverkot2-300x225.jpg 300w, https:\/\/rebar.one\/wp-content\/uploads\/2023\/02\/Vakioverkot2-768x576.jpg 768w\" sizes=\"(max-width: 906px) 100vw, 906px\" \/><\/figure>\n<\/figure>\n","protected":false},"excerpt":{"rendered":"<p>Betoniverkko Betoniter\u00e4sverkot B500A, vakioverkot Myymme ns. vakioverkkoja. Silm\u00e4koko 100\/100, 150\/150 tai 200\/200 mm.Verkojen vakiopituudet 6000 mm tai 5000 mm.Leveydet 2350 mm, 2530 mm tai 2930 mm. Erikoisverkot Valmistamme erilaisia erikoismittaisia verkkoja, sormiverkkoja, kaistaverkkoja jne. asiakkaan tarpeiden mukaan. Materiaalit joko B500A tai B500B. Verkkojen maksimikoko: leveys 2930 mm ja pituus 12 000 mm.Tavoitteenamme on auttaa asiakasta [&hellip;]<\/p>\n","protected":false},"author":3,"featured_media":0,"parent":0,"menu_order":0,"comment_status":"closed","ping_status":"closed","template":"seo-template.php","meta":{"_acf_changed":false,"footnotes":""},"class_list":["post-2172","page","type-page","status-publish","hentry"],"acf":[],"yoast_head":"<!-- This site is optimized with the Yoast SEO plugin v22.5 - https:\/\/yoast.com\/wordpress\/plugins\/seo\/ -->\n<title>Betoniverkko. Tuotteemme on laadukas, kest\u00e4v\u00e4 ja pitk\u00e4ik\u00e4inen<\/title>\n<meta name=\"description\" content=\"Betoniverkko : Valmiiden raudoituster\u00e4stuotteiden ratkaisumme k\u00e4ytt\u00f6 moninkertaistaa ty\u00f6n tehokkuuden, joten s\u00e4\u00e4st\u00e4t aikaa ja rahaa.\" \/>\n<meta name=\"robots\" content=\"index, follow, max-snippet:-1, max-image-preview:large, max-video-preview:-1\" \/>\n<link rel=\"canonical\" href=\"https:\/\/rebar.one\/fi\/betoniverkko\/\" \/>\n<meta property=\"og:locale\" content=\"fi_FI\" \/>\n<meta property=\"og:type\" content=\"article\" \/>\n<meta property=\"og:title\" content=\"Betoniverkko. Tuotteemme on laadukas, kest\u00e4v\u00e4 ja pitk\u00e4ik\u00e4inen\" \/>\n<meta property=\"og:description\" content=\"Betoniverkko : Valmiiden raudoituster\u00e4stuotteiden ratkaisumme k\u00e4ytt\u00f6 moninkertaistaa ty\u00f6n tehokkuuden, joten s\u00e4\u00e4st\u00e4t aikaa ja rahaa.\" \/>\n<meta property=\"og:url\" content=\"https:\/\/rebar.one\/fi\/betoniverkko\/\" \/>\n<meta property=\"og:site_name\" content=\"Nordic Rebar\" \/>\n<meta property=\"article:modified_time\" content=\"2024-01-03T06:45:19+00:00\" \/>\n<meta property=\"og:image\" content=\"https:\/\/rebar.one\/wp-content\/uploads\/2023\/02\/iStock-1347991741_standardvork-1024x683.jpg\" \/>\n<meta name=\"twitter:card\" content=\"summary_large_image\" \/>\n<meta name=\"twitter:label1\" content=\"Arvioitu lukuaika\" \/>\n\t<meta name=\"twitter:data1\" content=\"2 minuuttia\" \/>\n<script type=\"application\/ld+json\" class=\"yoast-schema-graph\">{\"@context\":\"https:\/\/schema.org\",\"@graph\":[{\"@type\":\"WebPage\",\"@id\":\"https:\/\/rebar.one\/fi\/betoniverkko\/\",\"url\":\"https:\/\/rebar.one\/fi\/betoniverkko\/\",\"name\":\"Betoniverkko. Tuotteemme on laadukas, kest\u00e4v\u00e4 ja pitk\u00e4ik\u00e4inen\",\"isPartOf\":{\"@id\":\"https:\/\/rebar.one\/fi\/#website\"},\"primaryImageOfPage\":{\"@id\":\"https:\/\/rebar.one\/fi\/betoniverkko\/#primaryimage\"},\"image\":{\"@id\":\"https:\/\/rebar.one\/fi\/betoniverkko\/#primaryimage\"},\"thumbnailUrl\":\"https:\/\/rebar.one\/wp-content\/uploads\/2023\/02\/iStock-1347991741_standardvork-1024x683.jpg\",\"datePublished\":\"2023-08-31T07:00:44+00:00\",\"dateModified\":\"2024-01-03T06:45:19+00:00\",\"description\":\"Betoniverkko : Valmiiden raudoituster\u00e4stuotteiden ratkaisumme k\u00e4ytt\u00f6 moninkertaistaa ty\u00f6n tehokkuuden, joten s\u00e4\u00e4st\u00e4t aikaa ja rahaa.\",\"breadcrumb\":{\"@id\":\"https:\/\/rebar.one\/fi\/betoniverkko\/#breadcrumb\"},\"inLanguage\":\"fi\",\"potentialAction\":[{\"@type\":\"ReadAction\",\"target\":[\"https:\/\/rebar.one\/fi\/betoniverkko\/\"]}]},{\"@type\":\"ImageObject\",\"inLanguage\":\"fi\",\"@id\":\"https:\/\/rebar.one\/fi\/betoniverkko\/#primaryimage\",\"url\":\"https:\/\/rebar.one\/wp-content\/uploads\/2023\/02\/iStock-1347991741_standardvork-1024x683.jpg\",\"contentUrl\":\"https:\/\/rebar.one\/wp-content\/uploads\/2023\/02\/iStock-1347991741_standardvork-1024x683.jpg\"},{\"@type\":\"BreadcrumbList\",\"@id\":\"https:\/\/rebar.one\/fi\/betoniverkko\/#breadcrumb\",\"itemListElement\":[{\"@type\":\"ListItem\",\"position\":1,\"name\":\"Home\",\"item\":\"https:\/\/rebar.one\/fi\/\"},{\"@type\":\"ListItem\",\"position\":2,\"name\":\"Betoniverkko\"}]},{\"@type\":\"WebSite\",\"@id\":\"https:\/\/rebar.one\/fi\/#website\",\"url\":\"https:\/\/rebar.one\/fi\/\",\"name\":\"Nordic Rebar\",\"description\":\"\",\"potentialAction\":[{\"@type\":\"SearchAction\",\"target\":{\"@type\":\"EntryPoint\",\"urlTemplate\":\"https:\/\/rebar.one\/fi\/?s={search_term_string}\"},\"query-input\":\"required name=search_term_string\"}],\"inLanguage\":\"fi\"}]}<\/script>\n<!-- \/ Yoast SEO plugin. -->","yoast_head_json":{"title":"Betoniverkko. Tuotteemme on laadukas, kest\u00e4v\u00e4 ja pitk\u00e4ik\u00e4inen","description":"Betoniverkko : Valmiiden raudoituster\u00e4stuotteiden ratkaisumme k\u00e4ytt\u00f6 moninkertaistaa ty\u00f6n tehokkuuden, joten s\u00e4\u00e4st\u00e4t aikaa ja rahaa.","robots":{"index":"index","follow":"follow","max-snippet":"max-snippet:-1","max-image-preview":"max-image-preview:large","max-video-preview":"max-video-preview:-1"},"canonical":"https:\/\/rebar.one\/fi\/betoniverkko\/","og_locale":"fi_FI","og_type":"article","og_title":"Betoniverkko. Tuotteemme on laadukas, kest\u00e4v\u00e4 ja pitk\u00e4ik\u00e4inen","og_description":"Betoniverkko : Valmiiden raudoituster\u00e4stuotteiden ratkaisumme k\u00e4ytt\u00f6 moninkertaistaa ty\u00f6n tehokkuuden, joten s\u00e4\u00e4st\u00e4t aikaa ja rahaa.","og_url":"https:\/\/rebar.one\/fi\/betoniverkko\/","og_site_name":"Nordic Rebar","article_modified_time":"2024-01-03T06:45:19+00:00","og_image":[{"url":"https:\/\/rebar.one\/wp-content\/uploads\/2023\/02\/iStock-1347991741_standardvork-1024x683.jpg"}],"twitter_card":"summary_large_image","twitter_misc":{"Arvioitu lukuaika":"2 minuuttia"},"schema":{"@context":"https:\/\/schema.org","@graph":[{"@type":"WebPage","@id":"https:\/\/rebar.one\/fi\/betoniverkko\/","url":"https:\/\/rebar.one\/fi\/betoniverkko\/","name":"Betoniverkko. Tuotteemme on laadukas, kest\u00e4v\u00e4 ja pitk\u00e4ik\u00e4inen","isPartOf":{"@id":"https:\/\/rebar.one\/fi\/#website"},"primaryImageOfPage":{"@id":"https:\/\/rebar.one\/fi\/betoniverkko\/#primaryimage"},"image":{"@id":"https:\/\/rebar.one\/fi\/betoniverkko\/#primaryimage"},"thumbnailUrl":"https:\/\/rebar.one\/wp-content\/uploads\/2023\/02\/iStock-1347991741_standardvork-1024x683.jpg","datePublished":"2023-08-31T07:00:44+00:00","dateModified":"2024-01-03T06:45:19+00:00","description":"Betoniverkko : Valmiiden raudoituster\u00e4stuotteiden ratkaisumme k\u00e4ytt\u00f6 moninkertaistaa ty\u00f6n tehokkuuden, joten s\u00e4\u00e4st\u00e4t aikaa ja rahaa.","breadcrumb":{"@id":"https:\/\/rebar.one\/fi\/betoniverkko\/#breadcrumb"},"inLanguage":"fi","potentialAction":[{"@type":"ReadAction","target":["https:\/\/rebar.one\/fi\/betoniverkko\/"]}]},{"@type":"ImageObject","inLanguage":"fi","@id":"https:\/\/rebar.one\/fi\/betoniverkko\/#primaryimage","url":"https:\/\/rebar.one\/wp-content\/uploads\/2023\/02\/iStock-1347991741_standardvork-1024x683.jpg","contentUrl":"https:\/\/rebar.one\/wp-content\/uploads\/2023\/02\/iStock-1347991741_standardvork-1024x683.jpg"},{"@type":"BreadcrumbList","@id":"https:\/\/rebar.one\/fi\/betoniverkko\/#breadcrumb","itemListElement":[{"@type":"ListItem","position":1,"name":"Home","item":"https:\/\/rebar.one\/fi\/"},{"@type":"ListItem","position":2,"name":"Betoniverkko"}]},{"@type":"WebSite","@id":"https:\/\/rebar.one\/fi\/#website","url":"https:\/\/rebar.one\/fi\/","name":"Nordic Rebar","description":"","potentialAction":[{"@type":"SearchAction","target":{"@type":"EntryPoint","urlTemplate":"https:\/\/rebar.one\/fi\/?s={search_term_string}"},"query-input":"required name=search_term_string"}],"inLanguage":"fi"}]}},"_links":{"self":[{"href":"https:\/\/rebar.one\/fi\/wp-json\/wp\/v2\/pages\/2172","targetHints":{"allow":["GET"]}}],"collection":[{"href":"https:\/\/rebar.one\/fi\/wp-json\/wp\/v2\/pages"}],"about":[{"href":"https:\/\/rebar.one\/fi\/wp-json\/wp\/v2\/types\/page"}],"author":[{"embeddable":true,"href":"https:\/\/rebar.one\/fi\/wp-json\/wp\/v2\/users\/3"}],"replies":[{"embeddable":true,"href":"https:\/\/rebar.one\/fi\/wp-json\/wp\/v2\/comments?post=2172"}],"version-history":[{"count":17,"href":"https:\/\/rebar.one\/fi\/wp-json\/wp\/v2\/pages\/2172\/revisions"}],"predecessor-version":[{"id":2271,"href":"https:\/\/rebar.one\/fi\/wp-json\/wp\/v2\/pages\/2172\/revisions\/2271"}],"wp:attachment":[{"href":"https:\/\/rebar.one\/fi\/wp-json\/wp\/v2\/media?parent=2172"}],"curies":[{"name":"wp","href":"https:\/\/api.w.org\/{rel}","templated":true}]}}