{"id":2174,"date":"2023-08-31T07:08:53","date_gmt":"2023-08-31T07:08:53","guid":{"rendered":"https:\/\/rebar.one\/?page_id=2174"},"modified":"2024-01-03T06:55:47","modified_gmt":"2024-01-03T06:55:47","slug":"hakanen","status":"publish","type":"page","link":"https:\/\/rebar.one\/fi\/hakanen\/","title":{"rendered":"Hakanen"},"content":{"rendered":"\n<h1 class=\"wp-block-heading\">Hakanen<\/h1>\n\n\n\n<p><\/p>\n\n\n\n<hr class=\"wp-block-separator has-alpha-channel-opacity\"\/>\n\n\n\n<figure class=\"wp-block-image size-large\"><img fetchpriority=\"high\" decoding=\"async\" width=\"1024\" height=\"683\" src=\"https:\/\/rebar.one\/wp-content\/uploads\/2023\/02\/AdobeStock_498823505_Rangid-1024x683.jpeg\" alt=\"hakanen\" class=\"wp-image-1994\" srcset=\"https:\/\/rebar.one\/wp-content\/uploads\/2023\/02\/AdobeStock_498823505_Rangid-1024x683.jpeg 1024w, https:\/\/rebar.one\/wp-content\/uploads\/2023\/02\/AdobeStock_498823505_Rangid-300x200.jpeg 300w, https:\/\/rebar.one\/wp-content\/uploads\/2023\/02\/AdobeStock_498823505_Rangid-768x512.jpeg 768w, https:\/\/rebar.one\/wp-content\/uploads\/2023\/02\/AdobeStock_498823505_Rangid-1536x1024.jpeg 1536w, https:\/\/rebar.one\/wp-content\/uploads\/2023\/02\/AdobeStock_498823505_Rangid-2048x1365.jpeg 2048w\" sizes=\"(max-width: 1024px) 100vw, 1024px\" \/><\/figure>\n\n\n\n<h2 class=\"wp-block-heading\">Hakaset<\/h2>\n\n\n\n<p>Valmistamme harjater\u00e4slangasta ja harjater\u00e4ksest\u00e4 eri kokoisia U-hakasia, porrastasohakasia, umpihakasia jne. &#8211; asiakkaan tarpeiden mukaan. Hakaset pakataan yleens\u00e4 lavoille n. 2000 kpl\/lava.<br><strong>Kysy tarjousta!<\/strong><\/p>\n","protected":false},"excerpt":{"rendered":"<p>Hakanen Hakaset Valmistamme harjater\u00e4slangasta ja harjater\u00e4ksest\u00e4 eri kokoisia U-hakasia, porrastasohakasia, umpihakasia jne. &#8211; asiakkaan tarpeiden mukaan. Hakaset pakataan yleens\u00e4 lavoille n. 2000 kpl\/lava.Kysy tarjousta!<\/p>\n","protected":false},"author":3,"featured_media":0,"parent":0,"menu_order":0,"comment_status":"closed","ping_status":"closed","template":"seo-template.php","meta":{"_acf_changed":false,"footnotes":""},"class_list":["post-2174","page","type-page","status-publish","hentry"],"acf":[],"yoast_head":"<!-- This site is optimized with the Yoast SEO plugin v22.5 - https:\/\/yoast.com\/wordpress\/plugins\/seo\/ -->\n<title>Hakanen | korkealaatuinen ja pitk\u00e4ik\u00e4inen | Nordic Rebar<\/title>\n<meta name=\"description\" content=\"Hakanen : Valmiiden raudoituster\u00e4stuotteiden ratkaisumme k\u00e4ytt\u00f6 moninkertaistaa ty\u00f6n tehokkuuden, joten s\u00e4\u00e4st\u00e4t aikaa ja rahaa. Pyyd\u00e4 tarjous!\" \/>\n<meta name=\"robots\" content=\"index, follow, max-snippet:-1, max-image-preview:large, max-video-preview:-1\" \/>\n<link rel=\"canonical\" href=\"https:\/\/rebar.one\/fi\/hakanen\/\" \/>\n<meta property=\"og:locale\" content=\"fi_FI\" \/>\n<meta property=\"og:type\" content=\"article\" \/>\n<meta property=\"og:title\" content=\"Hakanen | korkealaatuinen ja pitk\u00e4ik\u00e4inen | Nordic Rebar\" \/>\n<meta property=\"og:description\" content=\"Hakanen : Valmiiden raudoituster\u00e4stuotteiden ratkaisumme k\u00e4ytt\u00f6 moninkertaistaa ty\u00f6n tehokkuuden, joten s\u00e4\u00e4st\u00e4t aikaa ja rahaa. Pyyd\u00e4 tarjous!\" \/>\n<meta property=\"og:url\" content=\"https:\/\/rebar.one\/fi\/hakanen\/\" \/>\n<meta property=\"og:site_name\" content=\"Nordic Rebar\" \/>\n<meta property=\"article:modified_time\" content=\"2024-01-03T06:55:47+00:00\" \/>\n<meta property=\"og:image\" content=\"https:\/\/rebar.one\/wp-content\/uploads\/2023\/02\/AdobeStock_498823505_Rangid-1024x683.jpeg\" \/>\n<meta name=\"twitter:card\" content=\"summary_large_image\" \/>\n<meta name=\"twitter:label1\" content=\"Arvioitu lukuaika\" \/>\n\t<meta name=\"twitter:data1\" content=\"1 minuutti\" \/>\n<script type=\"application\/ld+json\" class=\"yoast-schema-graph\">{\"@context\":\"https:\/\/schema.org\",\"@graph\":[{\"@type\":\"WebPage\",\"@id\":\"https:\/\/rebar.one\/fi\/hakanen\/\",\"url\":\"https:\/\/rebar.one\/fi\/hakanen\/\",\"name\":\"Hakanen | korkealaatuinen ja pitk\u00e4ik\u00e4inen | Nordic Rebar\",\"isPartOf\":{\"@id\":\"https:\/\/rebar.one\/fi\/#website\"},\"primaryImageOfPage\":{\"@id\":\"https:\/\/rebar.one\/fi\/hakanen\/#primaryimage\"},\"image\":{\"@id\":\"https:\/\/rebar.one\/fi\/hakanen\/#primaryimage\"},\"thumbnailUrl\":\"https:\/\/rebar.one\/wp-content\/uploads\/2023\/02\/AdobeStock_498823505_Rangid-1024x683.jpeg\",\"datePublished\":\"2023-08-31T07:08:53+00:00\",\"dateModified\":\"2024-01-03T06:55:47+00:00\",\"description\":\"Hakanen : Valmiiden raudoituster\u00e4stuotteiden ratkaisumme k\u00e4ytt\u00f6 moninkertaistaa ty\u00f6n tehokkuuden, joten s\u00e4\u00e4st\u00e4t aikaa ja rahaa. Pyyd\u00e4 tarjous!\",\"breadcrumb\":{\"@id\":\"https:\/\/rebar.one\/fi\/hakanen\/#breadcrumb\"},\"inLanguage\":\"fi\",\"potentialAction\":[{\"@type\":\"ReadAction\",\"target\":[\"https:\/\/rebar.one\/fi\/hakanen\/\"]}]},{\"@type\":\"ImageObject\",\"inLanguage\":\"fi\",\"@id\":\"https:\/\/rebar.one\/fi\/hakanen\/#primaryimage\",\"url\":\"https:\/\/rebar.one\/wp-content\/uploads\/2023\/02\/AdobeStock_498823505_Rangid-1024x683.jpeg\",\"contentUrl\":\"https:\/\/rebar.one\/wp-content\/uploads\/2023\/02\/AdobeStock_498823505_Rangid-1024x683.jpeg\"},{\"@type\":\"BreadcrumbList\",\"@id\":\"https:\/\/rebar.one\/fi\/hakanen\/#breadcrumb\",\"itemListElement\":[{\"@type\":\"ListItem\",\"position\":1,\"name\":\"Home\",\"item\":\"https:\/\/rebar.one\/fi\/\"},{\"@type\":\"ListItem\",\"position\":2,\"name\":\"Hakanen\"}]},{\"@type\":\"WebSite\",\"@id\":\"https:\/\/rebar.one\/fi\/#website\",\"url\":\"https:\/\/rebar.one\/fi\/\",\"name\":\"Nordic Rebar\",\"description\":\"\",\"potentialAction\":[{\"@type\":\"SearchAction\",\"target\":{\"@type\":\"EntryPoint\",\"urlTemplate\":\"https:\/\/rebar.one\/fi\/?s={search_term_string}\"},\"query-input\":\"required name=search_term_string\"}],\"inLanguage\":\"fi\"}]}<\/script>\n<!-- \/ Yoast SEO plugin. -->","yoast_head_json":{"title":"Hakanen | korkealaatuinen ja pitk\u00e4ik\u00e4inen | Nordic Rebar","description":"Hakanen : Valmiiden raudoituster\u00e4stuotteiden ratkaisumme k\u00e4ytt\u00f6 moninkertaistaa ty\u00f6n tehokkuuden, joten s\u00e4\u00e4st\u00e4t aikaa ja rahaa. Pyyd\u00e4 tarjous!","robots":{"index":"index","follow":"follow","max-snippet":"max-snippet:-1","max-image-preview":"max-image-preview:large","max-video-preview":"max-video-preview:-1"},"canonical":"https:\/\/rebar.one\/fi\/hakanen\/","og_locale":"fi_FI","og_type":"article","og_title":"Hakanen | korkealaatuinen ja pitk\u00e4ik\u00e4inen | Nordic Rebar","og_description":"Hakanen : Valmiiden raudoituster\u00e4stuotteiden ratkaisumme k\u00e4ytt\u00f6 moninkertaistaa ty\u00f6n tehokkuuden, joten s\u00e4\u00e4st\u00e4t aikaa ja rahaa. Pyyd\u00e4 tarjous!","og_url":"https:\/\/rebar.one\/fi\/hakanen\/","og_site_name":"Nordic Rebar","article_modified_time":"2024-01-03T06:55:47+00:00","og_image":[{"url":"https:\/\/rebar.one\/wp-content\/uploads\/2023\/02\/AdobeStock_498823505_Rangid-1024x683.jpeg"}],"twitter_card":"summary_large_image","twitter_misc":{"Arvioitu lukuaika":"1 minuutti"},"schema":{"@context":"https:\/\/schema.org","@graph":[{"@type":"WebPage","@id":"https:\/\/rebar.one\/fi\/hakanen\/","url":"https:\/\/rebar.one\/fi\/hakanen\/","name":"Hakanen | korkealaatuinen ja pitk\u00e4ik\u00e4inen | Nordic Rebar","isPartOf":{"@id":"https:\/\/rebar.one\/fi\/#website"},"primaryImageOfPage":{"@id":"https:\/\/rebar.one\/fi\/hakanen\/#primaryimage"},"image":{"@id":"https:\/\/rebar.one\/fi\/hakanen\/#primaryimage"},"thumbnailUrl":"https:\/\/rebar.one\/wp-content\/uploads\/2023\/02\/AdobeStock_498823505_Rangid-1024x683.jpeg","datePublished":"2023-08-31T07:08:53+00:00","dateModified":"2024-01-03T06:55:47+00:00","description":"Hakanen : Valmiiden raudoituster\u00e4stuotteiden ratkaisumme k\u00e4ytt\u00f6 moninkertaistaa ty\u00f6n tehokkuuden, joten s\u00e4\u00e4st\u00e4t aikaa ja rahaa. Pyyd\u00e4 tarjous!","breadcrumb":{"@id":"https:\/\/rebar.one\/fi\/hakanen\/#breadcrumb"},"inLanguage":"fi","potentialAction":[{"@type":"ReadAction","target":["https:\/\/rebar.one\/fi\/hakanen\/"]}]},{"@type":"ImageObject","inLanguage":"fi","@id":"https:\/\/rebar.one\/fi\/hakanen\/#primaryimage","url":"https:\/\/rebar.one\/wp-content\/uploads\/2023\/02\/AdobeStock_498823505_Rangid-1024x683.jpeg","contentUrl":"https:\/\/rebar.one\/wp-content\/uploads\/2023\/02\/AdobeStock_498823505_Rangid-1024x683.jpeg"},{"@type":"BreadcrumbList","@id":"https:\/\/rebar.one\/fi\/hakanen\/#breadcrumb","itemListElement":[{"@type":"ListItem","position":1,"name":"Home","item":"https:\/\/rebar.one\/fi\/"},{"@type":"ListItem","position":2,"name":"Hakanen"}]},{"@type":"WebSite","@id":"https:\/\/rebar.one\/fi\/#website","url":"https:\/\/rebar.one\/fi\/","name":"Nordic Rebar","description":"","potentialAction":[{"@type":"SearchAction","target":{"@type":"EntryPoint","urlTemplate":"https:\/\/rebar.one\/fi\/?s={search_term_string}"},"query-input":"required name=search_term_string"}],"inLanguage":"fi"}]}},"_links":{"self":[{"href":"https:\/\/rebar.one\/fi\/wp-json\/wp\/v2\/pages\/2174","targetHints":{"allow":["GET"]}}],"collection":[{"href":"https:\/\/rebar.one\/fi\/wp-json\/wp\/v2\/pages"}],"about":[{"href":"https:\/\/rebar.one\/fi\/wp-json\/wp\/v2\/types\/page"}],"author":[{"embeddable":true,"href":"https:\/\/rebar.one\/fi\/wp-json\/wp\/v2\/users\/3"}],"replies":[{"embeddable":true,"href":"https:\/\/rebar.one\/fi\/wp-json\/wp\/v2\/comments?post=2174"}],"version-history":[{"count":16,"href":"https:\/\/rebar.one\/fi\/wp-json\/wp\/v2\/pages\/2174\/revisions"}],"predecessor-version":[{"id":2272,"href":"https:\/\/rebar.one\/fi\/wp-json\/wp\/v2\/pages\/2174\/revisions\/2272"}],"wp:attachment":[{"href":"https:\/\/rebar.one\/fi\/wp-json\/wp\/v2\/media?parent=2174"}],"curies":[{"name":"wp","href":"https:\/\/api.w.org\/{rel}","templated":true}]}}