{"id":2448,"date":"2024-02-28T22:02:45","date_gmt":"2024-02-28T22:02:45","guid":{"rendered":"https:\/\/rebar.one\/uutiset\/"},"modified":"2024-02-29T13:34:57","modified_gmt":"2024-02-29T13:34:57","slug":"uutiset","status":"publish","type":"page","link":"https:\/\/rebar.one\/fi\/uutiset\/","title":{"rendered":"Uutiset"},"content":{"rendered":"\t\t<div data-elementor-type=\"wp-page\" data-elementor-id=\"2448\" class=\"elementor elementor-2448 elementor-2373\" data-elementor-post-type=\"page\">\n\t\t\t\t<div class=\"elementor-element elementor-element-43581db e-con-full e-flex e-con e-parent\" data-id=\"43581db\" data-element_type=\"container\" data-settings=\"{&quot;background_background&quot;:&quot;classic&quot;}\">\n\t\t\t\t<div class=\"elementor-element elementor-element-63f71d7 elementor-widget elementor-widget-heading\" data-id=\"63f71d7\" data-element_type=\"widget\" data-widget_type=\"heading.default\">\n\t\t\t\t<div class=\"elementor-widget-container\">\n\t\t\t<style>\/*! elementor - v3.21.0 - 25-04-2024 *\/\n.elementor-heading-title{padding:0;margin:0;line-height:1}.elementor-widget-heading .elementor-heading-title[class*=elementor-size-]>a{color:inherit;font-size:inherit;line-height:inherit}.elementor-widget-heading .elementor-heading-title.elementor-size-small{font-size:15px}.elementor-widget-heading .elementor-heading-title.elementor-size-medium{font-size:19px}.elementor-widget-heading .elementor-heading-title.elementor-size-large{font-size:29px}.elementor-widget-heading .elementor-heading-title.elementor-size-xl{font-size:39px}.elementor-widget-heading .elementor-heading-title.elementor-size-xxl{font-size:59px}<\/style><h2 class=\"elementor-heading-title elementor-size-default\">Uutiset<\/h2>\t\t<\/div>\n\t\t\t\t<\/div>\n\t\t\t\t<\/div>\n\t\t<div class=\"elementor-element elementor-element-e70caa9 e-con-full e-flex e-con e-parent\" data-id=\"e70caa9\" data-element_type=\"container\">\n\t\t\t\t<\/div>\n\t\t\t\t<\/div>\n\t\t","protected":false},"excerpt":{"rendered":"<p>Uutiset<\/p>\n","protected":false},"author":4,"featured_media":0,"parent":0,"menu_order":0,"comment_status":"closed","ping_status":"closed","template":"elementor_header_footer","meta":{"_acf_changed":false,"footnotes":""},"class_list":["post-2448","page","type-page","status-publish","hentry"],"acf":[],"yoast_head":"<!-- This site is optimized with the Yoast SEO plugin v22.5 - https:\/\/yoast.com\/wordpress\/plugins\/seo\/ -->\n<title>uutisia ja ilmoituksia | Nordic Rebar<\/title>\n<meta name=\"description\" content=\"Uutiset : Nordic Rebari armatuurterasest toodete valmislahenduse kasutamine mitmekordistab t\u00f6\u00f6 efektiivsust, v\u00e4ldib asjatut kulu, seega s\u00e4\u00e4stad aega ja raha. K\u00fcsi pakkumist!\" \/>\n<meta name=\"robots\" content=\"index, follow, max-snippet:-1, max-image-preview:large, max-video-preview:-1\" \/>\n<link rel=\"canonical\" href=\"https:\/\/rebar.one\/fi\/uutiset\/\" \/>\n<meta property=\"og:locale\" content=\"fi_FI\" \/>\n<meta property=\"og:type\" content=\"article\" \/>\n<meta property=\"og:title\" content=\"uutisia ja ilmoituksia | Nordic Rebar\" \/>\n<meta property=\"og:description\" content=\"Uutiset : Nordic Rebari armatuurterasest toodete valmislahenduse kasutamine mitmekordistab t\u00f6\u00f6 efektiivsust, v\u00e4ldib asjatut kulu, seega s\u00e4\u00e4stad aega ja raha. K\u00fcsi pakkumist!\" \/>\n<meta property=\"og:url\" content=\"https:\/\/rebar.one\/fi\/uutiset\/\" \/>\n<meta property=\"og:site_name\" content=\"Nordic Rebar\" \/>\n<meta property=\"article:modified_time\" content=\"2024-02-29T13:34:57+00:00\" \/>\n<meta name=\"twitter:card\" content=\"summary_large_image\" \/>\n<script type=\"application\/ld+json\" class=\"yoast-schema-graph\">{\"@context\":\"https:\/\/schema.org\",\"@graph\":[{\"@type\":\"WebPage\",\"@id\":\"https:\/\/rebar.one\/fi\/uutiset\/\",\"url\":\"https:\/\/rebar.one\/fi\/uutiset\/\",\"name\":\"uutisia ja ilmoituksia | Nordic Rebar\",\"isPartOf\":{\"@id\":\"https:\/\/rebar.one\/fi\/#website\"},\"datePublished\":\"2024-02-28T22:02:45+00:00\",\"dateModified\":\"2024-02-29T13:34:57+00:00\",\"description\":\"Uutiset : Nordic Rebari armatuurterasest toodete valmislahenduse kasutamine mitmekordistab t\u00f6\u00f6 efektiivsust, v\u00e4ldib asjatut kulu, seega s\u00e4\u00e4stad aega ja raha. K\u00fcsi pakkumist!\",\"breadcrumb\":{\"@id\":\"https:\/\/rebar.one\/fi\/uutiset\/#breadcrumb\"},\"inLanguage\":\"fi\",\"potentialAction\":[{\"@type\":\"ReadAction\",\"target\":[\"https:\/\/rebar.one\/fi\/uutiset\/\"]}]},{\"@type\":\"BreadcrumbList\",\"@id\":\"https:\/\/rebar.one\/fi\/uutiset\/#breadcrumb\",\"itemListElement\":[{\"@type\":\"ListItem\",\"position\":1,\"name\":\"Home\",\"item\":\"https:\/\/rebar.one\/fi\/\"},{\"@type\":\"ListItem\",\"position\":2,\"name\":\"Uutiset\"}]},{\"@type\":\"WebSite\",\"@id\":\"https:\/\/rebar.one\/fi\/#website\",\"url\":\"https:\/\/rebar.one\/fi\/\",\"name\":\"Nordic Rebar\",\"description\":\"\",\"potentialAction\":[{\"@type\":\"SearchAction\",\"target\":{\"@type\":\"EntryPoint\",\"urlTemplate\":\"https:\/\/rebar.one\/fi\/?s={search_term_string}\"},\"query-input\":\"required name=search_term_string\"}],\"inLanguage\":\"fi\"}]}<\/script>\n<!-- \/ Yoast SEO plugin. -->","yoast_head_json":{"title":"uutisia ja ilmoituksia | Nordic Rebar","description":"Uutiset : Nordic Rebari armatuurterasest toodete valmislahenduse kasutamine mitmekordistab t\u00f6\u00f6 efektiivsust, v\u00e4ldib asjatut kulu, seega s\u00e4\u00e4stad aega ja raha. K\u00fcsi pakkumist!","robots":{"index":"index","follow":"follow","max-snippet":"max-snippet:-1","max-image-preview":"max-image-preview:large","max-video-preview":"max-video-preview:-1"},"canonical":"https:\/\/rebar.one\/fi\/uutiset\/","og_locale":"fi_FI","og_type":"article","og_title":"uutisia ja ilmoituksia | Nordic Rebar","og_description":"Uutiset : Nordic Rebari armatuurterasest toodete valmislahenduse kasutamine mitmekordistab t\u00f6\u00f6 efektiivsust, v\u00e4ldib asjatut kulu, seega s\u00e4\u00e4stad aega ja raha. K\u00fcsi pakkumist!","og_url":"https:\/\/rebar.one\/fi\/uutiset\/","og_site_name":"Nordic Rebar","article_modified_time":"2024-02-29T13:34:57+00:00","twitter_card":"summary_large_image","schema":{"@context":"https:\/\/schema.org","@graph":[{"@type":"WebPage","@id":"https:\/\/rebar.one\/fi\/uutiset\/","url":"https:\/\/rebar.one\/fi\/uutiset\/","name":"uutisia ja ilmoituksia | Nordic Rebar","isPartOf":{"@id":"https:\/\/rebar.one\/fi\/#website"},"datePublished":"2024-02-28T22:02:45+00:00","dateModified":"2024-02-29T13:34:57+00:00","description":"Uutiset : Nordic Rebari armatuurterasest toodete valmislahenduse kasutamine mitmekordistab t\u00f6\u00f6 efektiivsust, v\u00e4ldib asjatut kulu, seega s\u00e4\u00e4stad aega ja raha. K\u00fcsi pakkumist!","breadcrumb":{"@id":"https:\/\/rebar.one\/fi\/uutiset\/#breadcrumb"},"inLanguage":"fi","potentialAction":[{"@type":"ReadAction","target":["https:\/\/rebar.one\/fi\/uutiset\/"]}]},{"@type":"BreadcrumbList","@id":"https:\/\/rebar.one\/fi\/uutiset\/#breadcrumb","itemListElement":[{"@type":"ListItem","position":1,"name":"Home","item":"https:\/\/rebar.one\/fi\/"},{"@type":"ListItem","position":2,"name":"Uutiset"}]},{"@type":"WebSite","@id":"https:\/\/rebar.one\/fi\/#website","url":"https:\/\/rebar.one\/fi\/","name":"Nordic Rebar","description":"","potentialAction":[{"@type":"SearchAction","target":{"@type":"EntryPoint","urlTemplate":"https:\/\/rebar.one\/fi\/?s={search_term_string}"},"query-input":"required name=search_term_string"}],"inLanguage":"fi"}]}},"_links":{"self":[{"href":"https:\/\/rebar.one\/fi\/wp-json\/wp\/v2\/pages\/2448","targetHints":{"allow":["GET"]}}],"collection":[{"href":"https:\/\/rebar.one\/fi\/wp-json\/wp\/v2\/pages"}],"about":[{"href":"https:\/\/rebar.one\/fi\/wp-json\/wp\/v2\/types\/page"}],"author":[{"embeddable":true,"href":"https:\/\/rebar.one\/fi\/wp-json\/wp\/v2\/users\/4"}],"replies":[{"embeddable":true,"href":"https:\/\/rebar.one\/fi\/wp-json\/wp\/v2\/comments?post=2448"}],"version-history":[{"count":2,"href":"https:\/\/rebar.one\/fi\/wp-json\/wp\/v2\/pages\/2448\/revisions"}],"predecessor-version":[{"id":2493,"href":"https:\/\/rebar.one\/fi\/wp-json\/wp\/v2\/pages\/2448\/revisions\/2493"}],"wp:attachment":[{"href":"https:\/\/rebar.one\/fi\/wp-json\/wp\/v2\/media?parent=2448"}],"curies":[{"name":"wp","href":"https:\/\/api.w.org\/{rel}","templated":true}]}}