{"id":422,"date":"2023-02-02T13:14:25","date_gmt":"2023-02-02T13:14:25","guid":{"rendered":"https:\/\/rebar.one\/?page_id=422"},"modified":"2023-05-08T11:11:14","modified_gmt":"2023-05-08T11:11:14","slug":"kotisivu","status":"publish","type":"page","link":"https:\/\/rebar.one\/fi\/","title":{"rendered":"Kotisivu"},"content":{"rendered":"","protected":false},"excerpt":{"rendered":"","protected":false},"author":1,"featured_media":0,"parent":0,"menu_order":0,"comment_status":"closed","ping_status":"closed","template":"","meta":{"_acf_changed":false,"footnotes":""},"class_list":["post-422","page","type-page","status-publish","hentry"],"acf":[],"yoast_head":"<!-- This site is optimized with the Yoast SEO plugin v22.5 - https:\/\/yoast.com\/wordpress\/plugins\/seo\/ -->\n<title>Kotisivu - Nordic Rebar<\/title>\n<meta name=\"description\" content=\"Kotisivu : Nordic Rebari armatuurterasest toodete valmislahenduse kasutamine mitmekordistab t\u00f6\u00f6 efektiivsust, v\u00e4ldib asjatut kulu, seega s\u00e4\u00e4stad aega ja raha. K\u00fcsi pakkumist!\" \/>\n<meta name=\"robots\" content=\"index, follow, max-snippet:-1, max-image-preview:large, max-video-preview:-1\" \/>\n<link rel=\"canonical\" href=\"https:\/\/rebar.one\/fi\/\" \/>\n<meta property=\"og:locale\" content=\"fi_FI\" \/>\n<meta property=\"og:type\" content=\"article\" \/>\n<meta property=\"og:title\" content=\"Kotisivu - Nordic Rebar\" \/>\n<meta property=\"og:description\" content=\"Kotisivu : Nordic Rebari armatuurterasest toodete valmislahenduse kasutamine mitmekordistab t\u00f6\u00f6 efektiivsust, v\u00e4ldib asjatut kulu, seega s\u00e4\u00e4stad aega ja raha. K\u00fcsi pakkumist!\" \/>\n<meta property=\"og:url\" content=\"https:\/\/rebar.one\/fi\/\" \/>\n<meta property=\"og:site_name\" content=\"Nordic Rebar\" \/>\n<meta property=\"article:modified_time\" content=\"2023-05-08T11:11:14+00:00\" \/>\n<meta name=\"twitter:card\" content=\"summary_large_image\" \/>\n<script type=\"application\/ld+json\" class=\"yoast-schema-graph\">{\"@context\":\"https:\/\/schema.org\",\"@graph\":[{\"@type\":\"WebPage\",\"@id\":\"https:\/\/rebar.one\/fi\/\",\"url\":\"https:\/\/rebar.one\/fi\/\",\"name\":\"Kotisivu - Nordic Rebar\",\"isPartOf\":{\"@id\":\"https:\/\/rebar.one\/fi\/#website\"},\"datePublished\":\"2023-02-02T13:14:25+00:00\",\"dateModified\":\"2023-05-08T11:11:14+00:00\",\"description\":\"Kotisivu : Nordic Rebari armatuurterasest toodete valmislahenduse kasutamine mitmekordistab t\u00f6\u00f6 efektiivsust, v\u00e4ldib asjatut kulu, seega s\u00e4\u00e4stad aega ja raha. K\u00fcsi pakkumist!\",\"breadcrumb\":{\"@id\":\"https:\/\/rebar.one\/fi\/#breadcrumb\"},\"inLanguage\":\"fi\",\"potentialAction\":[{\"@type\":\"ReadAction\",\"target\":[\"https:\/\/rebar.one\/fi\/\"]}]},{\"@type\":\"BreadcrumbList\",\"@id\":\"https:\/\/rebar.one\/fi\/#breadcrumb\",\"itemListElement\":[{\"@type\":\"ListItem\",\"position\":1,\"name\":\"Home\",\"item\":\"https:\/\/rebar.one\/fi\/\"},{\"@type\":\"ListItem\",\"position\":2,\"name\":\"Kotisivu\"}]},{\"@type\":\"WebSite\",\"@id\":\"https:\/\/rebar.one\/fi\/#website\",\"url\":\"https:\/\/rebar.one\/fi\/\",\"name\":\"Nordic Rebar\",\"description\":\"\",\"potentialAction\":[{\"@type\":\"SearchAction\",\"target\":{\"@type\":\"EntryPoint\",\"urlTemplate\":\"https:\/\/rebar.one\/fi\/?s={search_term_string}\"},\"query-input\":\"required name=search_term_string\"}],\"inLanguage\":\"fi\"}]}<\/script>\n<!-- \/ Yoast SEO plugin. -->","yoast_head_json":{"title":"Kotisivu - Nordic Rebar","description":"Kotisivu : Nordic Rebari armatuurterasest toodete valmislahenduse kasutamine mitmekordistab t\u00f6\u00f6 efektiivsust, v\u00e4ldib asjatut kulu, seega s\u00e4\u00e4stad aega ja raha. K\u00fcsi pakkumist!","robots":{"index":"index","follow":"follow","max-snippet":"max-snippet:-1","max-image-preview":"max-image-preview:large","max-video-preview":"max-video-preview:-1"},"canonical":"https:\/\/rebar.one\/fi\/","og_locale":"fi_FI","og_type":"article","og_title":"Kotisivu - Nordic Rebar","og_description":"Kotisivu : Nordic Rebari armatuurterasest toodete valmislahenduse kasutamine mitmekordistab t\u00f6\u00f6 efektiivsust, v\u00e4ldib asjatut kulu, seega s\u00e4\u00e4stad aega ja raha. K\u00fcsi pakkumist!","og_url":"https:\/\/rebar.one\/fi\/","og_site_name":"Nordic Rebar","article_modified_time":"2023-05-08T11:11:14+00:00","twitter_card":"summary_large_image","schema":{"@context":"https:\/\/schema.org","@graph":[{"@type":"WebPage","@id":"https:\/\/rebar.one\/fi\/","url":"https:\/\/rebar.one\/fi\/","name":"Kotisivu - Nordic Rebar","isPartOf":{"@id":"https:\/\/rebar.one\/fi\/#website"},"datePublished":"2023-02-02T13:14:25+00:00","dateModified":"2023-05-08T11:11:14+00:00","description":"Kotisivu : Nordic Rebari armatuurterasest toodete valmislahenduse kasutamine mitmekordistab t\u00f6\u00f6 efektiivsust, v\u00e4ldib asjatut kulu, seega s\u00e4\u00e4stad aega ja raha. K\u00fcsi pakkumist!","breadcrumb":{"@id":"https:\/\/rebar.one\/fi\/#breadcrumb"},"inLanguage":"fi","potentialAction":[{"@type":"ReadAction","target":["https:\/\/rebar.one\/fi\/"]}]},{"@type":"BreadcrumbList","@id":"https:\/\/rebar.one\/fi\/#breadcrumb","itemListElement":[{"@type":"ListItem","position":1,"name":"Home","item":"https:\/\/rebar.one\/fi\/"},{"@type":"ListItem","position":2,"name":"Kotisivu"}]},{"@type":"WebSite","@id":"https:\/\/rebar.one\/fi\/#website","url":"https:\/\/rebar.one\/fi\/","name":"Nordic Rebar","description":"","potentialAction":[{"@type":"SearchAction","target":{"@type":"EntryPoint","urlTemplate":"https:\/\/rebar.one\/fi\/?s={search_term_string}"},"query-input":"required name=search_term_string"}],"inLanguage":"fi"}]}},"_links":{"self":[{"href":"https:\/\/rebar.one\/fi\/wp-json\/wp\/v2\/pages\/422","targetHints":{"allow":["GET"]}}],"collection":[{"href":"https:\/\/rebar.one\/fi\/wp-json\/wp\/v2\/pages"}],"about":[{"href":"https:\/\/rebar.one\/fi\/wp-json\/wp\/v2\/types\/page"}],"author":[{"embeddable":true,"href":"https:\/\/rebar.one\/fi\/wp-json\/wp\/v2\/users\/1"}],"replies":[{"embeddable":true,"href":"https:\/\/rebar.one\/fi\/wp-json\/wp\/v2\/comments?post=422"}],"version-history":[{"count":22,"href":"https:\/\/rebar.one\/fi\/wp-json\/wp\/v2\/pages\/422\/revisions"}],"predecessor-version":[{"id":2143,"href":"https:\/\/rebar.one\/fi\/wp-json\/wp\/v2\/pages\/422\/revisions\/2143"}],"wp:attachment":[{"href":"https:\/\/rebar.one\/fi\/wp-json\/wp\/v2\/media?parent=422"}],"curies":[{"name":"wp","href":"https:\/\/api.w.org\/{rel}","templated":true}]}}